{"id":605,"date":"2022-01-06T07:48:58","date_gmt":"2022-01-06T06:48:58","guid":{"rendered":"https:\/\/grettel.neoserveis.com\/?page_id=605"},"modified":"2022-12-28T09:35:43","modified_gmt":"2022-12-28T08:35:43","slug":"contract","status":"publish","type":"page","link":"https:\/\/princesita.net\/es\/productos\/contract\/","title":{"rendered":"Contract"},"content":{"rendered":"<p>[et_pb_section fb_built=\u00bb1&#8243; _builder_version=\u00bb4.16&#8243; use_background_color_gradient=\u00bbon\u00bb background_color_gradient_stops=\u00bbrgba(255,255,255,0.88) 0%|rgba(255,255,255,0.88) 100%\u00bb background_color_gradient_start=\u00bbrgba(255,255,255,0.88)\u00bb background_color_gradient_end=\u00bbrgba(255,255,255,0.88)\u00bb background_image=\u00bbhttps:\/\/princesita.net\/wp-content\/uploads\/2022\/03\/shutterstock_721683988.jpg\u00bb parallax=\u00bbon\u00bb custom_padding=\u00bb116px|0px|116px|0px|true|false\u00bb global_colors_info=\u00bb{}\u00bb][\/et_pb_section][et_pb_section fb_built=\u00bb1&#8243; _builder_version=\u00bb4.16&#8243; custom_padding=\u00bb0|0px|2px|0px|false|false\u00bb global_colors_info=\u00bb{}\u00bb][et_pb_row use_custom_gutter=\u00bbon\u00bb make_equal=\u00bbon\u00bb _builder_version=\u00bb4.17.4&#8243; width=\u00bb100%\u00bb max_width=\u00bb2560px\u00bb custom_margin=\u00bb-1px|auto|-4px|auto|false|false\u00bb custom_padding=\u00bb29px|0px|0|0px|false|false\u00bb saved_tabs=\u00bball\u00bb global_colors_info=\u00bb{}\u00bb][et_pb_column type=\u00bb4_4&#8243; _builder_version=\u00bb4.16&#8243; custom_padding=\u00bb|||\u00bb global_colors_info=\u00bb{}\u00bb custom_padding__hover=\u00bb|||\u00bb][dsm_text_divider header=\u00bbContract\u00bb color=\u00bb#000000&#8243; _builder_version=\u00bb4.18.0&#8243; _module_preset=\u00bbdefault\u00bb header_level=\u00bbh1&#8243; header_font=\u00bb|||on|||||\u00bb custom_margin=\u00bb65px||65px||false|false\u00bb global_colors_info=\u00bb{}\u00bb][\/dsm_text_divider][\/et_pb_column][\/et_pb_row][et_pb_row column_structure=\u00bb1_2,1_2&#8243; use_custom_gutter=\u00bbon\u00bb make_equal=\u00bbon\u00bb _builder_version=\u00bb4.17.4&#8243; _module_preset=\u00bbdefault\u00bb width=\u00bb100%\u00bb max_width=\u00bb2560px\u00bb custom_margin=\u00bb||||false|false\u00bb custom_padding=\u00bb||2px|||\u00bb custom_css_main_element=\u00bbalign-items: center;\u00bb global_colors_info=\u00bb{}\u00bb][et_pb_column type=\u00bb1_2&#8243; _builder_version=\u00bb4.16&#8243; _module_preset=\u00bbdefault\u00bb global_colors_info=\u00bb{}\u00bb][et_pb_text _builder_version=\u00bb4.18.0&#8243; _module_preset=\u00bbdefault\u00bb custom_margin=\u00bb|20px||20px|false|false\u00bb global_colors_info=\u00bb{}\u00bb]<\/p>\n<h2>Crear Ambientes<\/h2>\n<p>&nbsp;<\/p>\n<p>De eso se trata decorar, nosotros afrontamos esta tarea desde de nuestra experiencia con textiles en cientos de establecimientos hoteleros, restaurantes y villas, tanto en operaciones locales como internacionales.<\/p>\n<p>Trabajamos coordinados con despachos de arquitectura, o con los departamentos de obras, para comprender los requisitos y en muchos casos ofrecer alternativas que respetando las condiciones del proyecto mejoren en econom\u00eda, funcionalidad o est\u00e9tica la propuesta inicial.<\/p>\n<p>Trabajamos con decenas de fabricantes de tejidos de decoraci\u00f3n de toda europa. Por nuestra experiencia textil entendemos cada tejido para aplicarlo correctamente.<\/p>\n<p>Nuestros equipos comerciales, productivos y de montage, abarcan los procesos de dise\u00f1o, medici\u00f3n, confecci\u00f3n, log\u00edstica e instalaci\u00f3n, para que no deba preocuparse, hasta la entrega final de la instalaci\u00f3n.<\/p>\n<p>[\/et_pb_text][\/et_pb_column][et_pb_column type=\u00bb1_2&#8243; _builder_version=\u00bb4.16&#8243; _module_preset=\u00bbdefault\u00bb global_colors_info=\u00bb{}\u00bb][et_pb_image src=\u00bbhttps:\/\/princesita.net\/wp-content\/uploads\/2022\/03\/pict9027.jpg\u00bb title_text=\u00bbpict9027&#8243; _builder_version=\u00bb4.16&#8243; _module_preset=\u00bbdefault\u00bb global_colors_info=\u00bb{}\u00bb][\/et_pb_image][\/et_pb_column][\/et_pb_row][et_pb_row column_structure=\u00bb1_2,1_2&#8243; use_custom_gutter=\u00bbon\u00bb make_equal=\u00bbon\u00bb _builder_version=\u00bb4.17.4&#8243; _module_preset=\u00bbdefault\u00bb width=\u00bb100%\u00bb max_width=\u00bb2560px\u00bb custom_css_main_element=\u00bbalign-items: center;\u00bb global_colors_info=\u00bb{}\u00bb][et_pb_column type=\u00bb1_2&#8243; _builder_version=\u00bb4.16&#8243; _module_preset=\u00bbdefault\u00bb global_colors_info=\u00bb{}\u00bb][et_pb_image src=\u00bbhttps:\/\/princesita.net\/wp-content\/uploads\/2022\/03\/6782466.jpg\u00bb title_text=\u00bb6782466&#8243; _builder_version=\u00bb4.16&#8243; _module_preset=\u00bbdefault\u00bb global_colors_info=\u00bb{}\u00bb][\/et_pb_image][\/et_pb_column][et_pb_column type=\u00bb1_2&#8243; _builder_version=\u00bb4.16&#8243; _module_preset=\u00bbdefault\u00bb global_colors_info=\u00bb{}\u00bb][et_pb_text _builder_version=\u00bb4.18.0&#8243; _module_preset=\u00bbdefault\u00bb custom_margin=\u00bb|20px||20px|false|false\u00bb global_colors_info=\u00bb{}\u00bb]<\/p>\n<p>Productos como cortinas, oscurantes, visillos, plaids, cojines de decoraci\u00f3n, tapiceria de sofas, tapicer\u00eda de muebles, camas balinesas, decoraciones de exterior, incluso instalaciones n\u00e1uticas.<\/p>\n<p>Hay un tejido con las caracter\u00edsticas adecuadas para su instalaci\u00f3n. Cortinas reductoras de ruido, bloqueo total de luz, cortinas con apertura motorizada. Cojines resistentes a la luz de sol, tapicer\u00eda para yates, lencer\u00eda para barcos.<\/p>\n<p>&nbsp;<\/p>\n<p>&nbsp;<\/p>\n<h2>Instalaciones de cualquier dimensi\u00f3n en cualquier lugar<\/h2>\n<p>&nbsp;<\/p>\n<p>&nbsp;<\/p>\n<p>Nuestro equipo de instalaci\u00f3n tiene experiencia instalando villas y tambi\u00e9n grandes resorts con cientos de habitaciones.<\/p>\n<p>Una organizaci\u00f3n del trabajo muy entrenada y una log\u00edstica completa nos permite afrontar cualquier trabajo. Nuestro sistema de gesti\u00f3n enfocado a proyectos<\/p>\n<p>[\/et_pb_text][\/et_pb_column][\/et_pb_row][\/et_pb_section][et_pb_section fb_built=\u00bb1&#8243; _builder_version=\u00bb4.16&#8243; _module_preset=\u00bbdefault\u00bb custom_padding=\u00bb0px|||||\u00bb global_colors_info=\u00bb{}\u00bb][et_pb_row use_custom_gutter=\u00bbon\u00bb make_equal=\u00bbon\u00bb _builder_version=\u00bb4.17.4&#8243; _module_preset=\u00bbdefault\u00bb width=\u00bb100%\u00bb max_width=\u00bb2560px\u00bb global_colors_info=\u00bb{}\u00bb][et_pb_column type=\u00bb4_4&#8243; _builder_version=\u00bb4.16&#8243; _module_preset=\u00bbdefault\u00bb global_colors_info=\u00bb{}\u00bb][dsm_masonry_gallery gallery_ids=\u00bb915,917,921,923,925,927,933,937,939,941,943,888,884,929&#8243; use_lightbox=\u00bbon\u00bb use_zoom_on_hover=\u00bbon\u00bb _builder_version=\u00bb4.17.6&#8243; _module_preset=\u00bbdefault\u00bb global_colors_info=\u00bb{}\u00bb][\/dsm_masonry_gallery][\/et_pb_column][\/et_pb_row][et_pb_row _builder_version=\u00bb4.16&#8243; _module_preset=\u00bbdefault\u00bb custom_padding=\u00bb63px|||||\u00bb global_colors_info=\u00bb{}\u00bb][et_pb_column type=\u00bb4_4&#8243; _builder_version=\u00bb4.16&#8243; _module_preset=\u00bbdefault\u00bb global_colors_info=\u00bb{}\u00bb][et_pb_text _builder_version=\u00bb4.19.4&#8243; _module_preset=\u00bbdefault\u00bb hover_enabled=\u00bb0&#8243; global_colors_info=\u00bb{}\u00bb link_option_url=\u00bb@ET-DC@eyJkeW5hbWljIjp0cnVlLCJjb250ZW50IjoicG9zdF9saW5rX3VybF9wYWdlIiwic2V0dGluZ3MiOnsicG9zdF9pZCI6IjIwMyJ9fQ==@\u00bb _dynamic_attributes=\u00bblink_option_url\u00bb sticky_enabled=\u00bb0&#8243;]<\/p>\n<p style=\"text-align: center;\">CONTACTA CON NOSOTROS<\/p>\n<p>[\/et_pb_text][\/et_pb_column][\/et_pb_row][\/et_pb_section]<\/p>\n","protected":false},"excerpt":{"rendered":"<p><div class=\"et_pb_module dsm_text_divider dsm_text_divider_0\">\n\t\t\t\t\n\t\t\t\t\n\t\t\t\t\n\t\t\t\t\n\t\t\t\t\n\t\t\t\t\n\t\t\t\t<div class=\"et_pb_module_inner\">\n\t\t\t\t\t<div class=\"dsm-text-divider-wrapper dsm-text-divider-align-center et_pb_bg_layout_light\">\n\t\t\t\t\n\t\t\t\t\n\t\t\t\t<div class=\"dsm-text-divider-before dsm-divider\"><\/div>\n\t\t\t\t<h1 class=\"dsm-text-divider-header et_pb_module_header\"><span>Contract<\/span><\/h1>\n\t\t\t\t<div class=\"dsm-text-divider-after dsm-divider\"><\/div>\n\t\t\t<\/div>\n\t\t\t\t<\/div>\n\t\t\t<\/div>Crear Ambientes &nbsp; De eso se trata decorar, nosotros afrontamos esta tarea desde de nuestra experiencia con textiles en cientos de establecimientos hoteleros, restaurantes y villas, tanto en operaciones locales como internacionales. Trabajamos coordinados con despachos de arquitectura, o con los departamentos de obras, para comprender los [&hellip;]<\/p>\n","protected":false},"author":1,"featured_media":0,"parent":2,"menu_order":0,"comment_status":"closed","ping_status":"closed","template":"","meta":{"_et_pb_use_builder":"on","_et_pb_old_content":"","_et_gb_content_width":"","footnotes":""},"class_list":["post-605","page","type-page","status-publish","hentry"],"aioseo_notices":[],"_links":{"self":[{"href":"https:\/\/princesita.net\/es\/wp-json\/wp\/v2\/pages\/605"}],"collection":[{"href":"https:\/\/princesita.net\/es\/wp-json\/wp\/v2\/pages"}],"about":[{"href":"https:\/\/princesita.net\/es\/wp-json\/wp\/v2\/types\/page"}],"author":[{"embeddable":true,"href":"https:\/\/princesita.net\/es\/wp-json\/wp\/v2\/users\/1"}],"replies":[{"embeddable":true,"href":"https:\/\/princesita.net\/es\/wp-json\/wp\/v2\/comments?post=605"}],"version-history":[{"count":20,"href":"https:\/\/princesita.net\/es\/wp-json\/wp\/v2\/pages\/605\/revisions"}],"predecessor-version":[{"id":1771,"href":"https:\/\/princesita.net\/es\/wp-json\/wp\/v2\/pages\/605\/revisions\/1771"}],"up":[{"embeddable":true,"href":"https:\/\/princesita.net\/es\/wp-json\/wp\/v2\/pages\/2"}],"wp:attachment":[{"href":"https:\/\/princesita.net\/es\/wp-json\/wp\/v2\/media?parent=605"}],"curies":[{"name":"wp","href":"https:\/\/api.w.org\/{rel}","templated":true}]}}