{"id":194,"date":"2021-11-07T09:33:34","date_gmt":"2021-11-07T09:33:34","guid":{"rendered":"https:\/\/grettel.neoserveis.com\/?page_id=194"},"modified":"2022-08-14T09:09:11","modified_gmt":"2022-08-14T08:09:11","slug":"inicio","status":"publish","type":"page","link":"https:\/\/princesita.net\/es\/","title":{"rendered":"Inicio"},"content":{"rendered":"<p>[et_pb_section fb_built=\u00bb1&#8243; _builder_version=\u00bb4.17.6&#8243; background_enable_color=\u00bboff\u00bb background_image=\u00bbhttps:\/\/princesita.net\/wp-content\/uploads\/2022\/08\/princesita-home.jpg\u00bb background_position=\u00bbbottom_center\u00bb max_width=\u00bb100%\u00bb min_height=\u00bb100vh\u00bb custom_padding=\u00bb109px|0px|77px|0px|false|false\u00bb animation_style=\u00bbfade\u00bb hover_enabled=\u00bb0&#8243; global_colors_info=\u00bb{}\u00bb title_text=\u00bbprincesita-home\u00bb sticky_enabled=\u00bb0&#8243;][\/et_pb_section][et_pb_section fb_built=\u00bb1&#8243; theme_builder_area=\u00bbpost_content\u00bb _builder_version=\u00bb4.17.6&#8243; _module_preset=\u00bbdefault\u00bb hover_enabled=\u00bb0&#8243; sticky_enabled=\u00bb0&#8243; custom_padding=\u00bb33px|||||\u00bb][et_pb_row _builder_version=\u00bb4.17.6&#8243; _module_preset=\u00bbdefault\u00bb theme_builder_area=\u00bbpost_content\u00bb width=\u00bb100%\u00bb max_width=\u00bb2560px\u00bb hover_enabled=\u00bb0&#8243; sticky_enabled=\u00bb0&#8243;][et_pb_column _builder_version=\u00bb4.17.6&#8243; _module_preset=\u00bbdefault\u00bb type=\u00bb4_4&#8243; theme_builder_area=\u00bbpost_content\u00bb][dsm_text_divider _builder_version=\u00bb4.17.6&#8243; _module_preset=\u00bbdefault\u00bb theme_builder_area=\u00bbpost_content\u00bb header=\u00bbComercio al por mayor de productos textiles\u00bb color=\u00bb#000000&#8243; header_level=\u00bbh1&#8243; hover_enabled=\u00bb0&#8243; sticky_enabled=\u00bb0&#8243;][\/dsm_text_divider][\/et_pb_column][\/et_pb_row][\/et_pb_section][et_pb_section fb_built=\u00bb1&#8243; _builder_version=\u00bb4.17.6&#8243; _module_preset=\u00bbdefault\u00bb background_enable_color=\u00bboff\u00bb custom_padding=\u00bb1px||||false|false\u00bb global_colors_info=\u00bb{}\u00bb custom_margin=\u00bb-14px|||||\u00bb][et_pb_row column_structure=\u00bb1_2,1_2&#8243; use_custom_gutter=\u00bbon\u00bb make_equal=\u00bbon\u00bb _builder_version=\u00bb4.17.4&#8243; _module_preset=\u00bbdefault\u00bb width=\u00bb100%\u00bb max_width=\u00bb2560px\u00bb custom_padding=\u00bb||0px|||\u00bb custom_css_main_element=\u00bbalign-items: center;\u00bb global_colors_info=\u00bb{}\u00bb][et_pb_column type=\u00bb1_2&#8243; _builder_version=\u00bb4.16&#8243; _module_preset=\u00bbdefault\u00bb global_colors_info=\u00bb{}\u00bb][et_pb_image src=\u00bbhttps:\/\/princesita.net\/wp-content\/uploads\/2022\/08\/princesita-home2.jpg\u00bb title_text=\u00bbprincesita-home2&#8243; _builder_version=\u00bb4.17.6&#8243; _module_preset=\u00bbdefault\u00bb hover_enabled=\u00bb0&#8243; global_colors_info=\u00bb{}\u00bb sticky_enabled=\u00bb0&#8243;][\/et_pb_image][\/et_pb_column][et_pb_column type=\u00bb1_2&#8243; _builder_version=\u00bb4.16&#8243; _module_preset=\u00bbdefault\u00bb global_colors_info=\u00bb{}\u00bb][et_pb_text _builder_version=\u00bb4.17.4&#8243; _module_preset=\u00bbdefault\u00bb custom_margin=\u00bb|20px||20px|false|false\u00bb custom_padding=\u00bb||||false|false\u00bb hover_enabled=\u00bb0&#8243; global_colors_info=\u00bb{}\u00bb sticky_enabled=\u00bb0&#8243;]<\/p>\n<p>PROVEEMOS TEXTILES PARA HOSTELERIA,<br \/>CREAMOS ESPACIOS COMFORTABLES<\/p>\n<p>[\/et_pb_text][\/et_pb_column][\/et_pb_row][et_pb_row column_structure=\u00bb1_2,1_2&#8243; use_custom_gutter=\u00bbon\u00bb make_equal=\u00bbon\u00bb _builder_version=\u00bb4.17.4&#8243; _module_preset=\u00bbdefault\u00bb width=\u00bb100%\u00bb max_width=\u00bb2560px\u00bb custom_padding=\u00bb||53px|||\u00bb custom_css_main_element=\u00bbalign-items: center;\u00bb global_colors_info=\u00bb{}\u00bb][et_pb_column type=\u00bb1_2&#8243; _builder_version=\u00bb4.16&#8243; _module_preset=\u00bbdefault\u00bb global_colors_info=\u00bb{}\u00bb][et_pb_text _builder_version=\u00bb4.17.6&#8243; _module_preset=\u00bbdefault\u00bb custom_margin=\u00bb|20px||20px|false|false\u00bb hover_enabled=\u00bb0&#8243; global_colors_info=\u00bb{}\u00bb sticky_enabled=\u00bb0&#8243;]<\/p>\n<h2>M\u00e1s de 50 a\u00f1os de presencia en el mercado nos avalan<a href=\"empresa\"><span style=\"text-decoration: underline; color: #000000;\"><\/span><\/a><\/h2>\n<p>[\/et_pb_text][et_pb_text _builder_version=\u00bb4.17.6&#8243; _module_preset=\u00bbdefault\u00bb custom_margin=\u00bb|20px||20px|false|false\u00bb hover_enabled=\u00bb0&#8243; global_colors_info=\u00bb{}\u00bb sticky_enabled=\u00bb0&#8243;]<\/p>\n<p>En nuestro equipo encontrar\u00e1 experiencia y pericia para culminar sus proyectos.<\/p>\n<p>Valores como la profesionalidad, la dedicaci\u00f3n y el enfoque a resultados son los que promovemos en nuestro equipo.<\/p>\n<p><a href=\"empresa\"><span style=\"text-decoration: underline; color: #000000;\">Conocer m\u00e1s sobre la empresa &gt;<\/span><\/a><\/p>\n<p>[\/et_pb_text][\/et_pb_column][et_pb_column type=\u00bb1_2&#8243; _builder_version=\u00bb4.16&#8243; _module_preset=\u00bbdefault\u00bb global_colors_info=\u00bb{}\u00bb][et_pb_image src=\u00bbhttps:\/\/princesita.net\/wp-content\/uploads\/2022\/08\/princesita-home3.jpg\u00bb title_text=\u00bbprincesita-home3&#8243; _builder_version=\u00bb4.17.6&#8243; _module_preset=\u00bbdefault\u00bb hover_enabled=\u00bb0&#8243; global_colors_info=\u00bb{}\u00bb sticky_enabled=\u00bb0&#8243;][\/et_pb_image][\/et_pb_column][\/et_pb_row][et_pb_row column_structure=\u00bb1_2,1_2&#8243; use_custom_gutter=\u00bbon\u00bb make_equal=\u00bbon\u00bb _builder_version=\u00bb4.17.4&#8243; _module_preset=\u00bbdefault\u00bb width=\u00bb100%\u00bb max_width=\u00bb2560px\u00bb min_height=\u00bb100%\u00bb custom_margin=\u00bb-56px|auto||auto||\u00bb custom_padding=\u00bb||53px|||\u00bb custom_css_main_element=\u00bbalign-items: center;\u00bb global_colors_info=\u00bb{}\u00bb][et_pb_column type=\u00bb1_2&#8243; _builder_version=\u00bb4.16&#8243; _module_preset=\u00bbdefault\u00bb global_colors_info=\u00bb{}\u00bb][et_pb_image src=\u00bbhttps:\/\/princesita.net\/wp-content\/uploads\/2022\/08\/princesita-home4.jpg\u00bb title_text=\u00bbprincesita-home4&#8243; _builder_version=\u00bb4.17.6&#8243; _module_preset=\u00bbdefault\u00bb hover_enabled=\u00bb0&#8243; global_colors_info=\u00bb{}\u00bb sticky_enabled=\u00bb0&#8243;][\/et_pb_image][\/et_pb_column][et_pb_column type=\u00bb1_2&#8243; _builder_version=\u00bb4.16&#8243; _module_preset=\u00bbdefault\u00bb global_colors_info=\u00bb{}\u00bb][et_pb_text _builder_version=\u00bb4.17.6&#8243; _module_preset=\u00bbdefault\u00bb custom_margin=\u00bb|20px||20px|false|false\u00bb custom_padding=\u00bb57px|||||\u00bb hover_enabled=\u00bb0&#8243; global_colors_info=\u00bb{}\u00bb sticky_enabled=\u00bb0&#8243;]<\/p>\n<h2>Dise\u00f1amos los productos en nuestra sede de Mallorca<a href=\"productos\"><span style=\"text-decoration: underline; color: #000000;\"><\/span><\/a><\/h2>\n<p>[\/et_pb_text][et_pb_text _builder_version=\u00bb4.17.6&#8243; _module_preset=\u00bbdefault\u00bb custom_margin=\u00bb|20px||20px|false|false\u00bb custom_padding=\u00bb1px|||||\u00bb hover_enabled=\u00bb0&#8243; global_colors_info=\u00bb{}\u00bb sticky_enabled=\u00bb0&#8243;]<\/p>\n<p>Nuestras guias para el dise\u00f1o son durabilidad, balance entre precio y rendimiento, confort y dise\u00f1o.<\/p>\n<p>Miles de proyectos desde una lujosa villa o un confortable apartamento, hasta resorts de miles de habitaciones u hoteles boutique. Si nos explicas tus lineas de dise\u00f1o y los criterios de valoraci\u00f3n seguro que podemos ofrecerte una gama de productos que se adapten a tus necesidades.<\/p>\n<p><a href=\"productos\"><span style=\"text-decoration: underline; color: #000000;\">Conocer m\u00e1s de productos &gt;<\/span><\/a><\/p>\n<p>[\/et_pb_text][\/et_pb_column][\/et_pb_row][\/et_pb_section]<\/p>\n","protected":false},"excerpt":{"rendered":"<p><div class=\"et_pb_module dsm_text_divider dsm_text_divider_0\">\n\t\t\t\t\n\t\t\t\t\n\t\t\t\t\n\t\t\t\t\n\t\t\t\t\n\t\t\t\t\n\t\t\t\t<div class=\"et_pb_module_inner\">\n\t\t\t\t\t<div class=\"dsm-text-divider-wrapper dsm-text-divider-align-center et_pb_bg_layout_light\">\n\t\t\t\t\n\t\t\t\t\n\t\t\t\t<div class=\"dsm-text-divider-before dsm-divider\"><\/div>\n\t\t\t\t<h1 class=\"dsm-text-divider-header et_pb_module_header\"><span>Comercio al por mayor de productos textiles<\/span><\/h1>\n\t\t\t\t<div class=\"dsm-text-divider-after dsm-divider\"><\/div>\n\t\t\t<\/div>\n\t\t\t\t<\/div>\n\t\t\t<\/div>PROVEEMOS TEXTILES PARA HOSTELERIA,CREAMOS ESPACIOS COMFORTABLESM\u00e1s de 50 a\u00f1os de presencia en el mercado nos avalanEn nuestro equipo encontrar\u00e1 experiencia y pericia para culminar sus proyectos. Valores como la profesionalidad, la dedicaci\u00f3n y el enfoque a resultados son los que promovemos [&hellip;]<\/p>\n","protected":false},"author":1,"featured_media":0,"parent":0,"menu_order":0,"comment_status":"closed","ping_status":"closed","template":"","meta":{"_et_pb_use_builder":"on","_et_pb_old_content":"","_et_gb_content_width":"","footnotes":""},"class_list":["post-194","page","type-page","status-publish","hentry"],"aioseo_notices":[],"_links":{"self":[{"href":"https:\/\/princesita.net\/es\/wp-json\/wp\/v2\/pages\/194"}],"collection":[{"href":"https:\/\/princesita.net\/es\/wp-json\/wp\/v2\/pages"}],"about":[{"href":"https:\/\/princesita.net\/es\/wp-json\/wp\/v2\/types\/page"}],"author":[{"embeddable":true,"href":"https:\/\/princesita.net\/es\/wp-json\/wp\/v2\/users\/1"}],"replies":[{"embeddable":true,"href":"https:\/\/princesita.net\/es\/wp-json\/wp\/v2\/comments?post=194"}],"version-history":[{"count":65,"href":"https:\/\/princesita.net\/es\/wp-json\/wp\/v2\/pages\/194\/revisions"}],"predecessor-version":[{"id":1438,"href":"https:\/\/princesita.net\/es\/wp-json\/wp\/v2\/pages\/194\/revisions\/1438"}],"wp:attachment":[{"href":"https:\/\/princesita.net\/es\/wp-json\/wp\/v2\/media?parent=194"}],"curies":[{"name":"wp","href":"https:\/\/api.w.org\/{rel}","templated":true}]}}