{"id":1039,"date":"2022-06-03T09:51:19","date_gmt":"2022-06-03T08:51:19","guid":{"rendered":"https:\/\/grettel.neoserveis.com\/?page_id=1039"},"modified":"2022-12-28T09:37:49","modified_gmt":"2022-12-28T08:37:49","slug":"clinicas-y-residencias","status":"publish","type":"page","link":"https:\/\/princesita.net\/es\/espacios\/clinicas-y-residencias\/","title":{"rendered":"Cl\u00ednicas y Residencias"},"content":{"rendered":"<p>[et_pb_section fb_built=\u00bb1&#8243; _builder_version=\u00bb4.16&#8243; use_background_color_gradient=\u00bbon\u00bb background_color_gradient_stops=\u00bbrgba(255,255,255,0.88) 0%|rgba(255,255,255,0.88) 100%\u00bb background_color_gradient_start=\u00bbrgba(255,255,255,0.88)\u00bb background_color_gradient_end=\u00bbrgba(255,255,255,0.88)\u00bb background_image=\u00bbhttps:\/\/princesita.net\/wp-content\/uploads\/2022\/06\/856264875-scaled.jpg\u00bb parallax=\u00bbon\u00bb custom_padding=\u00bb116px|0px|116px|0px|true|false\u00bb global_colors_info=\u00bb{}\u00bb][\/et_pb_section][et_pb_section fb_built=\u00bb1&#8243; _builder_version=\u00bb4.16&#8243; custom_padding=\u00bb0|0px|59px|0px|false|false\u00bb global_colors_info=\u00bb{}\u00bb][et_pb_row use_custom_gutter=\u00bbon\u00bb make_equal=\u00bbon\u00bb _builder_version=\u00bb4.17.6&#8243; width=\u00bb100%\u00bb max_width=\u00bb2560px\u00bb custom_margin=\u00bb40px||70px||false|false\u00bb custom_padding=\u00bb29px|0px|0|0px|false|false\u00bb global_colors_info=\u00bb{}\u00bb][et_pb_column type=\u00bb4_4&#8243; _builder_version=\u00bb4.16&#8243; custom_padding=\u00bb|||\u00bb global_colors_info=\u00bb{}\u00bb custom_padding__hover=\u00bb|||\u00bb][dsm_text_divider header=\u00bbCl\u00ednicas y Residencias\u00bb _builder_version=\u00bb4.18.0&#8243; _module_preset=\u00bbdefault\u00bb header_level=\u00bbh1&#8243; header_font=\u00bb|||on|||||\u00bb global_colors_info=\u00bb{}\u00bb][\/dsm_text_divider][\/et_pb_column][\/et_pb_row][et_pb_row column_structure=\u00bb1_2,1_2&#8243; use_custom_gutter=\u00bbon\u00bb gutter_width=\u00bb1&#8243; make_equal=\u00bbon\u00bb _builder_version=\u00bb4.17.6&#8243; _module_preset=\u00bbdefault\u00bb width=\u00bb100%\u00bb max_width=\u00bb2560px\u00bb custom_padding=\u00bb||3px|||\u00bb custom_css_main_element=\u00bbalign-items: center;\u00bb global_colors_info=\u00bb{}\u00bb][et_pb_column type=\u00bb1_2&#8243; _builder_version=\u00bb4.16&#8243; _module_preset=\u00bbdefault\u00bb global_colors_info=\u00bb{}\u00bb][et_pb_text _builder_version=\u00bb4.18.0&#8243; _module_preset=\u00bbdefault\u00bb custom_margin=\u00bb|20px||20px|false|false\u00bb global_colors_info=\u00bb{}\u00bb]<\/p>\n<p>Los productos textiles para cl\u00ednicas engloban tejidos que en algunos casos son coincidentes con calidades hoteleras, y en otros son desarrollos espec\u00edficos para cumplir las especiales condiciones de higiene y contenci\u00f3n de l\u00edquidos que se requieren en el uso sanitario.<\/p>\n<p>Productos como s\u00e1banas, fundas de almohada, colchas, mantas, rellenos de almohada con propiedades anti\u00e1caros, traveseros absorventes de m\u00faltiples capas, protectores de colch\u00f3n totalmente impermeables, batas de paciente de algod\u00f3n, batas de manipulaci\u00f3n impermeables, pa\u00f1os de quir\u00f3fano, cortinas divisorias de boxes, pa\u00f1os absorvestes e impermeables.<\/p>\n<p>&nbsp;<\/p>\n<h2>Todos los productos se realizan con la idea de la reutilizaci\u00f3n.<\/h2>\n<p>&nbsp;<\/p>\n<p>Para cumplir los requisitos de higiene, pero tambi\u00e9n con el objetivo de reducir residuos y minimizar el impacto al medioambiente. Nuestros estudios revelan que el uso de textiles en sanitario reduce en al menos un 70% la huella de carbono, respecto un producto reutilizable* (*por el ahorro en materia prima y el consumo energ\u00e9tico de fabricaci\u00f3n considerando vida \u00fatil m\u00ednima de 100 ciclos de lavado)<\/p>\n<p>El uso de prendas textiles que puedan sustituir elementos de un solo uso es el camino que lleva a la sostenibilidad y en ese compromiso nuestra labor es la de seleccionar construcciones, materiales y dise\u00f1os que reduzcan el consumo de energ\u00eda y qu\u00edmica, mantiendo las prestaciones en m\u00e1s ciclos de uso y reduciendo as\u00ed tambi\u00e9n el coste de amortizaci\u00f3n.<\/p>\n<p>[\/et_pb_text][\/et_pb_column][et_pb_column type=\u00bb1_2&#8243; _builder_version=\u00bb4.16&#8243; _module_preset=\u00bbdefault\u00bb global_colors_info=\u00bb{}\u00bb][et_pb_image src=\u00bbhttps:\/\/princesita.net\/wp-content\/uploads\/2022\/06\/202265248-scaled.jpg\u00bb title_text=\u00bbSpecialist doctor in medical uniform checking sick man writing disease expertise\u00bb _builder_version=\u00bb4.16&#8243; _module_preset=\u00bbdefault\u00bb global_colors_info=\u00bb{}\u00bb][\/et_pb_image][\/et_pb_column][\/et_pb_row][\/et_pb_section][et_pb_section fb_built=\u00bb1&#8243; _builder_version=\u00bb4.16&#8243; _module_preset=\u00bbdefault\u00bb custom_padding=\u00bb0px|||||\u00bb global_colors_info=\u00bb{}\u00bb][et_pb_row use_custom_gutter=\u00bbon\u00bb make_equal=\u00bbon\u00bb _builder_version=\u00bb4.17.6&#8243; _module_preset=\u00bbdefault\u00bb width=\u00bb100%\u00bb max_width=\u00bb2560px\u00bb global_colors_info=\u00bb{}\u00bb][et_pb_column type=\u00bb4_4&#8243; _builder_version=\u00bb4.16&#8243; _module_preset=\u00bbdefault\u00bb global_colors_info=\u00bb{}\u00bb][dsm_masonry_gallery gallery_ids=\u00bb1069,1361,1363&#8243; use_lightbox=\u00bbon\u00bb use_zoom_on_hover=\u00bbon\u00bb _builder_version=\u00bb4.17.6&#8243; _module_preset=\u00bbdefault\u00bb global_colors_info=\u00bb{}\u00bb][\/dsm_masonry_gallery][\/et_pb_column][\/et_pb_row][et_pb_row _builder_version=\u00bb4.16&#8243; _module_preset=\u00bbdefault\u00bb custom_padding=\u00bb63px|||||\u00bb global_colors_info=\u00bb{}\u00bb][et_pb_column type=\u00bb4_4&#8243; _builder_version=\u00bb4.16&#8243; _module_preset=\u00bbdefault\u00bb global_colors_info=\u00bb{}\u00bb][et_pb_text _builder_version=\u00bb4.19.4&#8243; _module_preset=\u00bbdefault\u00bb hover_enabled=\u00bb0&#8243; global_colors_info=\u00bb{}\u00bb link_option_url=\u00bb@ET-DC@eyJkeW5hbWljIjp0cnVlLCJjb250ZW50IjoicG9zdF9saW5rX3VybF9wYWdlIiwic2V0dGluZ3MiOnsicG9zdF9pZCI6IjIwMyJ9fQ==@\u00bb _dynamic_attributes=\u00bblink_option_url\u00bb sticky_enabled=\u00bb0&#8243;]<\/p>\n<p style=\"text-align: center;\">CONTACTA CON NOSOTROS<\/p>\n<p>[\/et_pb_text][\/et_pb_column][\/et_pb_row][\/et_pb_section]<\/p>\n","protected":false},"excerpt":{"rendered":"<p><div class=\"et_pb_module dsm_text_divider dsm_text_divider_0\">\n\t\t\t\t\n\t\t\t\t\n\t\t\t\t\n\t\t\t\t\n\t\t\t\t\n\t\t\t\t\n\t\t\t\t<div class=\"et_pb_module_inner\">\n\t\t\t\t\t<div class=\"dsm-text-divider-wrapper dsm-text-divider-align-center et_pb_bg_layout_light\">\n\t\t\t\t\n\t\t\t\t\n\t\t\t\t<div class=\"dsm-text-divider-before dsm-divider\"><\/div>\n\t\t\t\t<h1 class=\"dsm-text-divider-header et_pb_module_header\"><span>Cl\u00ednicas y Residencias<\/span><\/h1>\n\t\t\t\t<div class=\"dsm-text-divider-after dsm-divider\"><\/div>\n\t\t\t<\/div>\n\t\t\t\t<\/div>\n\t\t\t<\/div>Los productos textiles para cl\u00ednicas engloban tejidos que en algunos casos son coincidentes con calidades hoteleras, y en otros son desarrollos espec\u00edficos para cumplir las especiales condiciones de higiene y contenci\u00f3n de l\u00edquidos que se requieren en el uso sanitario. Productos como s\u00e1banas, fundas de almohada, colchas, [&hellip;]<\/p>\n","protected":false},"author":1,"featured_media":0,"parent":820,"menu_order":0,"comment_status":"closed","ping_status":"closed","template":"","meta":{"_et_pb_use_builder":"on","_et_pb_old_content":"","_et_gb_content_width":"","footnotes":""},"class_list":["post-1039","page","type-page","status-publish","hentry"],"aioseo_notices":[],"_links":{"self":[{"href":"https:\/\/princesita.net\/es\/wp-json\/wp\/v2\/pages\/1039"}],"collection":[{"href":"https:\/\/princesita.net\/es\/wp-json\/wp\/v2\/pages"}],"about":[{"href":"https:\/\/princesita.net\/es\/wp-json\/wp\/v2\/types\/page"}],"author":[{"embeddable":true,"href":"https:\/\/princesita.net\/es\/wp-json\/wp\/v2\/users\/1"}],"replies":[{"embeddable":true,"href":"https:\/\/princesita.net\/es\/wp-json\/wp\/v2\/comments?post=1039"}],"version-history":[{"count":10,"href":"https:\/\/princesita.net\/es\/wp-json\/wp\/v2\/pages\/1039\/revisions"}],"predecessor-version":[{"id":1775,"href":"https:\/\/princesita.net\/es\/wp-json\/wp\/v2\/pages\/1039\/revisions\/1775"}],"up":[{"embeddable":true,"href":"https:\/\/princesita.net\/es\/wp-json\/wp\/v2\/pages\/820"}],"wp:attachment":[{"href":"https:\/\/princesita.net\/es\/wp-json\/wp\/v2\/media?parent=1039"}],"curies":[{"name":"wp","href":"https:\/\/api.w.org\/{rel}","templated":true}]}}