{"id":1034,"date":"2022-06-03T09:50:34","date_gmt":"2022-06-03T08:50:34","guid":{"rendered":"https:\/\/grettel.neoserveis.com\/?page_id=1034"},"modified":"2022-12-28T09:37:31","modified_gmt":"2022-12-28T08:37:31","slug":"spa-gym-beauty","status":"publish","type":"page","link":"https:\/\/princesita.net\/es\/espacios\/spa-gym-beauty\/","title":{"rendered":"Spa, Gym, Beauty"},"content":{"rendered":"<p>[et_pb_section fb_built=\u00bb1&#8243; _builder_version=\u00bb4.16&#8243; use_background_color_gradient=\u00bbon\u00bb background_color_gradient_stops=\u00bbrgba(255,255,255,0.88) 0%|rgba(255,255,255,0.88) 100%\u00bb background_color_gradient_overlays_image=\u00bbon\u00bb background_color_gradient_start=\u00bbrgba(255,255,255,0.88)\u00bb background_color_gradient_end=\u00bbrgba(255,255,255,0.88)\u00bb background_image=\u00bbhttps:\/\/princesita.net\/wp-content\/uploads\/2022\/01\/BANO2.jpg\u00bb background_position=\u00bbtop_center\u00bb background_blend=\u00bbmultiply\u00bb custom_padding=\u00bb116px|0px|116px|0px|true|false\u00bb global_colors_info=\u00bb{}\u00bb][\/et_pb_section][et_pb_section fb_built=\u00bb1&#8243; _builder_version=\u00bb4.16&#8243; custom_padding=\u00bb0|0px|1px|0px|false|false\u00bb global_colors_info=\u00bb{}\u00bb][et_pb_row use_custom_gutter=\u00bbon\u00bb make_equal=\u00bbon\u00bb _builder_version=\u00bb4.17.6&#8243; width=\u00bb100%\u00bb max_width=\u00bb2560px\u00bb custom_margin=\u00bb40px||70px||false|false\u00bb custom_padding=\u00bb29px|0px|0|0px|false|false\u00bb global_colors_info=\u00bb{}\u00bb][et_pb_column type=\u00bb4_4&#8243; _builder_version=\u00bb4.16&#8243; custom_padding=\u00bb|||\u00bb global_colors_info=\u00bb{}\u00bb custom_padding__hover=\u00bb|||\u00bb][dsm_text_divider header=\u00bbSPA, Gym, Beauty\u00bb _builder_version=\u00bb4.18.0&#8243; _module_preset=\u00bbdefault\u00bb header_level=\u00bbh1&#8243; header_font=\u00bb|||on|||||\u00bb global_colors_info=\u00bb{}\u00bb][\/dsm_text_divider][\/et_pb_column][\/et_pb_row][et_pb_row column_structure=\u00bb1_2,1_2&#8243; use_custom_gutter=\u00bbon\u00bb gutter_width=\u00bb1&#8243; make_equal=\u00bbon\u00bb _builder_version=\u00bb4.17.6&#8243; _module_preset=\u00bbdefault\u00bb width=\u00bb100%\u00bb max_width=\u00bb2560px\u00bb custom_css_main_element=\u00bbalign-items: center;\u00bb global_colors_info=\u00bb{}\u00bb][et_pb_column type=\u00bb1_2&#8243; _builder_version=\u00bb4.16&#8243; _module_preset=\u00bbdefault\u00bb global_colors_info=\u00bb{}\u00bb][et_pb_image src=\u00bbhttps:\/\/princesita.net\/wp-content\/uploads\/2022\/06\/6628693-scaled.jpg\u00bb title_text=\u00bb6628693&#8243; _builder_version=\u00bb4.16&#8243; _module_preset=\u00bbdefault\u00bb global_colors_info=\u00bb{}\u00bb][\/et_pb_image][\/et_pb_column][et_pb_column type=\u00bb1_2&#8243; _builder_version=\u00bb4.16&#8243; _module_preset=\u00bbdefault\u00bb global_colors_info=\u00bb{}\u00bb][et_pb_text _builder_version=\u00bb4.18.0&#8243; _module_preset=\u00bbdefault\u00bb custom_margin=\u00bb|20px||20px|false|false\u00bb global_colors_info=\u00bb{}\u00bb]<\/p>\n<h2>Calidez y comfort son los dos criterios que priman en los SPA y zonas wellness.<\/h2>\n<p>&nbsp;<\/p>\n<p>Entre nuestros b\u00e1sicos encontrar\u00e1s juegos de toallas en colores c\u00e1lidos y resistentes a lavados industriales. Te permiten combinar todas las toallas: de mano, facial, grande y de pie, en un mismo color con regularidad en la entrega y solidez de color.<\/p>\n<p>Accesorios como zapatillas o toallas negras para no preocuparse de las manchas en los tratamientos de belleza. Fundas ajustables de rizo para camillas. o s\u00e1banas de tejidos de alta calidad para camillas con orificio facial.<\/p>\n<p>[\/et_pb_text][\/et_pb_column][\/et_pb_row][et_pb_row column_structure=\u00bb1_2,1_2&#8243; use_custom_gutter=\u00bbon\u00bb gutter_width=\u00bb1&#8243; make_equal=\u00bbon\u00bb _builder_version=\u00bb4.17.6&#8243; _module_preset=\u00bbdefault\u00bb width=\u00bb100%\u00bb max_width=\u00bb2560px\u00bb custom_css_main_element=\u00bbalign-items: center;\u00bb global_colors_info=\u00bb{}\u00bb][et_pb_column type=\u00bb1_2&#8243; _builder_version=\u00bb4.16&#8243; _module_preset=\u00bbdefault\u00bb global_colors_info=\u00bb{}\u00bb][et_pb_image src=\u00bbhttps:\/\/princesita.net\/wp-content\/uploads\/2022\/03\/SSID_384225715.jpg\u00bb title_text=\u00bbSSID_384225715&#8243; _builder_version=\u00bb4.16&#8243; _module_preset=\u00bbdefault\u00bb global_colors_info=\u00bb{}\u00bb][\/et_pb_image][\/et_pb_column][et_pb_column type=\u00bb1_2&#8243; _builder_version=\u00bb4.16&#8243; _module_preset=\u00bbdefault\u00bb global_colors_info=\u00bb{}\u00bb][et_pb_text _builder_version=\u00bb4.18.0&#8243; _module_preset=\u00bbdefault\u00bb custom_margin=\u00bb|20px||20px|false|false\u00bb global_colors_info=\u00bb{}\u00bb]<\/p>\n<p>Tanto en toallas para gimnasio como toallas para centros de belleza, encontrar\u00e1s en nuestra l\u00ednea de productos, aquellos formatos y colores adaptados al uso que reciben. Como las toallas de gimnasio que por sus medidas y colores las hacen m\u00e1s convenientes y competitivas.<\/p>\n<p>&nbsp;<\/p>\n<p>Si nos cuentas tus necesidades podemos ofrecerle una soluci\u00f3n dentro de nuestros productos a medida o fabricar una para su establecimiento. Poductos especiales que complementan las camillas como protectores para mejorar la higiene o toppers para mejorar la comodidad pueden adaptarse o fabricarse a medida.<\/p>\n<p>[\/et_pb_text][\/et_pb_column][\/et_pb_row][\/et_pb_section][et_pb_section fb_built=\u00bb1&#8243; _builder_version=\u00bb4.16&#8243; _module_preset=\u00bbdefault\u00bb custom_padding=\u00bb0px|||||\u00bb global_colors_info=\u00bb{}\u00bb][et_pb_row use_custom_gutter=\u00bbon\u00bb make_equal=\u00bbon\u00bb _builder_version=\u00bb4.17.6&#8243; _module_preset=\u00bbdefault\u00bb width=\u00bb100%\u00bb max_width=\u00bb2560px\u00bb global_colors_info=\u00bb{}\u00bb][et_pb_column type=\u00bb4_4&#8243; _builder_version=\u00bb4.16&#8243; _module_preset=\u00bbdefault\u00bb global_colors_info=\u00bb{}\u00bb][dsm_masonry_gallery gallery_ids=\u00bb898,1139,900,902,904,1320,906&#8243; gutter=\u00bb0&#8243; use_lightbox=\u00bbon\u00bb use_zoom_on_hover=\u00bbon\u00bb _builder_version=\u00bb4.17.6&#8243; _module_preset=\u00bbdefault\u00bb custom_margin=\u00bb60px||||false|false\u00bb global_colors_info=\u00bb{}\u00bb][\/dsm_masonry_gallery][\/et_pb_column][\/et_pb_row][et_pb_row _builder_version=\u00bb4.16&#8243; _module_preset=\u00bbdefault\u00bb custom_padding=\u00bb63px|||||\u00bb global_colors_info=\u00bb{}\u00bb][et_pb_column type=\u00bb4_4&#8243; _builder_version=\u00bb4.16&#8243; _module_preset=\u00bbdefault\u00bb global_colors_info=\u00bb{}\u00bb][et_pb_text _builder_version=\u00bb4.19.4&#8243; _module_preset=\u00bbdefault\u00bb hover_enabled=\u00bb0&#8243; global_colors_info=\u00bb{}\u00bb link_option_url=\u00bb@ET-DC@eyJkeW5hbWljIjp0cnVlLCJjb250ZW50IjoicG9zdF9saW5rX3VybF9wYWdlIiwic2V0dGluZ3MiOnsicG9zdF9pZCI6IjIwMyJ9fQ==@\u00bb _dynamic_attributes=\u00bblink_option_url\u00bb sticky_enabled=\u00bb0&#8243;]<\/p>\n<p style=\"text-align: center;\">CONTACTA CON NOSOTROS<\/p>\n<p>[\/et_pb_text][\/et_pb_column][\/et_pb_row][\/et_pb_section]<\/p>\n","protected":false},"excerpt":{"rendered":"<p><div class=\"et_pb_module dsm_text_divider dsm_text_divider_0\">\n\t\t\t\t\n\t\t\t\t\n\t\t\t\t\n\t\t\t\t\n\t\t\t\t\n\t\t\t\t\n\t\t\t\t<div class=\"et_pb_module_inner\">\n\t\t\t\t\t<div class=\"dsm-text-divider-wrapper dsm-text-divider-align-center et_pb_bg_layout_light\">\n\t\t\t\t\n\t\t\t\t\n\t\t\t\t<div class=\"dsm-text-divider-before dsm-divider\"><\/div>\n\t\t\t\t<h1 class=\"dsm-text-divider-header et_pb_module_header\"><span>SPA, Gym, Beauty<\/span><\/h1>\n\t\t\t\t<div class=\"dsm-text-divider-after dsm-divider\"><\/div>\n\t\t\t<\/div>\n\t\t\t\t<\/div>\n\t\t\t<\/div>Calidez y comfort son los dos criterios que priman en los SPA y zonas wellness. &nbsp; Entre nuestros b\u00e1sicos encontrar\u00e1s juegos de toallas en colores c\u00e1lidos y resistentes a lavados industriales. Te permiten combinar todas las toallas: de mano, facial, grande y de pie, en un mismo [&hellip;]<\/p>\n","protected":false},"author":1,"featured_media":0,"parent":820,"menu_order":0,"comment_status":"closed","ping_status":"closed","template":"","meta":{"_et_pb_use_builder":"on","_et_pb_old_content":"","_et_gb_content_width":"","footnotes":""},"class_list":["post-1034","page","type-page","status-publish","hentry"],"aioseo_notices":[],"_links":{"self":[{"href":"https:\/\/princesita.net\/es\/wp-json\/wp\/v2\/pages\/1034"}],"collection":[{"href":"https:\/\/princesita.net\/es\/wp-json\/wp\/v2\/pages"}],"about":[{"href":"https:\/\/princesita.net\/es\/wp-json\/wp\/v2\/types\/page"}],"author":[{"embeddable":true,"href":"https:\/\/princesita.net\/es\/wp-json\/wp\/v2\/users\/1"}],"replies":[{"embeddable":true,"href":"https:\/\/princesita.net\/es\/wp-json\/wp\/v2\/comments?post=1034"}],"version-history":[{"count":14,"href":"https:\/\/princesita.net\/es\/wp-json\/wp\/v2\/pages\/1034\/revisions"}],"predecessor-version":[{"id":1774,"href":"https:\/\/princesita.net\/es\/wp-json\/wp\/v2\/pages\/1034\/revisions\/1774"}],"up":[{"embeddable":true,"href":"https:\/\/princesita.net\/es\/wp-json\/wp\/v2\/pages\/820"}],"wp:attachment":[{"href":"https:\/\/princesita.net\/es\/wp-json\/wp\/v2\/media?parent=1034"}],"curies":[{"name":"wp","href":"https:\/\/api.w.org\/{rel}","templated":true}]}}