{"id":1033,"date":"2022-06-03T09:50:26","date_gmt":"2022-06-03T09:50:26","guid":{"rendered":"https:\/\/grettel.neoserveis.com\/?page_id=1033"},"modified":"2022-12-28T09:36:47","modified_gmt":"2022-12-28T08:36:47","slug":"hoteles","status":"publish","type":"page","link":"https:\/\/princesita.net\/es\/espacios\/hoteles\/","title":{"rendered":"Hoteles"},"content":{"rendered":"<p>[et_pb_section fb_built=\u00bb1&#8243; _builder_version=\u00bb4.16&#8243; use_background_color_gradient=\u00bbon\u00bb background_color_gradient_stops=\u00bbrgba(255,255,255,0.88) 0%|rgba(255,255,255,0.88) 100%\u00bb background_color_gradient_start=\u00bbrgba(255,255,255,0.88)\u00bb background_color_gradient_end=\u00bbrgba(255,255,255,0.88)\u00bb background_image=\u00bbhttps:\/\/princesita.net\/wp-content\/uploads\/2022\/01\/cama2.jpg\u00bb parallax=\u00bbon\u00bb custom_padding=\u00bb116px|0px|116px|0px|true|false\u00bb global_colors_info=\u00bb{}\u00bb][\/et_pb_section][et_pb_section fb_built=\u00bb1&#8243; _builder_version=\u00bb4.16&#8243; custom_padding=\u00bb0|0px|59px|0px|false|false\u00bb global_colors_info=\u00bb{}\u00bb][et_pb_row use_custom_gutter=\u00bbon\u00bb make_equal=\u00bbon\u00bb _builder_version=\u00bb4.17.4&#8243; width=\u00bb100%\u00bb max_width=\u00bb2560px\u00bb custom_margin=\u00bb65px||65px||false|false\u00bb custom_padding=\u00bb|0px|0|0px|false|false\u00bb global_colors_info=\u00bb{}\u00bb][et_pb_column type=\u00bb4_4&#8243; _builder_version=\u00bb4.16&#8243; custom_padding=\u00bb|||\u00bb global_colors_info=\u00bb{}\u00bb custom_padding__hover=\u00bb|||\u00bb][dsm_text_divider header=\u00bbHoteles\u00bb color=\u00bb#000000&#8243; _builder_version=\u00bb4.18.0&#8243; _module_preset=\u00bbdefault\u00bb header_level=\u00bbh1&#8243; header_font=\u00bb|||on|||||\u00bb global_colors_info=\u00bb{}\u00bb][\/dsm_text_divider][\/et_pb_column][\/et_pb_row][et_pb_row column_structure=\u00bb1_4,1_2,1_4&#8243; _builder_version=\u00bb4.16&#8243; _module_preset=\u00bbdefault\u00bb custom_margin=\u00bb40px||||false|false\u00bb custom_padding=\u00bb||107px|||\u00bb global_colors_info=\u00bb{}\u00bb][et_pb_column type=\u00bb1_4&#8243; _builder_version=\u00bb4.16&#8243; _module_preset=\u00bbdefault\u00bb global_colors_info=\u00bb{}\u00bb][\/et_pb_column][et_pb_column type=\u00bb1_2&#8243; _builder_version=\u00bb4.16&#8243; _module_preset=\u00bbdefault\u00bb global_colors_info=\u00bb{}\u00bb][et_pb_text _builder_version=\u00bb4.16&#8243; _module_preset=\u00bbdefault\u00bb global_colors_info=\u00bb{}\u00bb]<\/p>\n<p>Cada hotel sin importar su tama\u00f1o busca una explotaci\u00f3n ventajosa de sus activos. Al mismo tiempo que imrpimir un car\u00e1cter que lo diferencie positivamente de su competencia.<\/p>\n<p>Dise\u00f1amos los productos textiles para el trato exigente, tanto en uso como en lavado para que confie en la rentabilidad de nuestros textiles para hotel.<\/p>\n<p>[\/et_pb_text][\/et_pb_column][et_pb_column type=\u00bb1_4&#8243; _builder_version=\u00bb4.16&#8243; _module_preset=\u00bbdefault\u00bb global_colors_info=\u00bb{}\u00bb][\/et_pb_column][\/et_pb_row][et_pb_row column_structure=\u00bb1_2,1_2&#8243; use_custom_gutter=\u00bbon\u00bb make_equal=\u00bbon\u00bb _builder_version=\u00bb4.17.4&#8243; _module_preset=\u00bbdefault\u00bb width=\u00bb100%\u00bb max_width=\u00bb2560px\u00bb custom_margin=\u00bb||||false|false\u00bb custom_css_main_element=\u00bbalign-items: center;\u00bb global_colors_info=\u00bb{}\u00bb][et_pb_column type=\u00bb1_2&#8243; _builder_version=\u00bb4.16&#8243; _module_preset=\u00bbdefault\u00bb global_colors_info=\u00bb{}\u00bb][et_pb_image src=\u00bbhttps:\/\/princesita.net\/wp-content\/uploads\/2022\/03\/190503Grettel30765-1.jpg\u00bb title_text=\u00bb190503Grettel30765&#8243; _builder_version=\u00bb4.16&#8243; _module_preset=\u00bbdefault\u00bb animation_style=\u00bbfade\u00bb global_colors_info=\u00bb{}\u00bb][\/et_pb_image][\/et_pb_column][et_pb_column type=\u00bb1_2&#8243; _builder_version=\u00bb4.16&#8243; _module_preset=\u00bbdefault\u00bb global_colors_info=\u00bb{}\u00bb][et_pb_text _builder_version=\u00bb4.18.0&#8243; _module_preset=\u00bbdefault\u00bb custom_margin=\u00bb|20px||20px|false|false\u00bb global_colors_info=\u00bb{}\u00bb]<\/p>\n<h2>En la cama<\/h2>\n<p>&nbsp;<\/p>\n<p>Es en la cama donde el cliente pasa m\u00e1s horas durante su estancia. Ofrecerle un descanso comfortable es sin duda una apuesta ganadora para ganar su fidelidad y mejorar el bienestar de su estancia.<\/p>\n<p>En la l\u00ednea de lencer\u00eda puede econtrar tejidos desde 145, 200, 250 300 y hasta 450 hilos, en composiciones de algod\u00f3n y poli\u00e9ster-algod\u00f3n. Con todos ellos podemos fabricar su lencer\u00eda a medida y entre nuestras gamas de stock permanente tambi\u00e9n encontrar\u00e1 los precios mas competitivos con un \u00e1gil serv\u00edcio.<\/p>\n<p>Te ayudamos a escoger la calidad que mejor se adapta a tu establecimiento, acorde al nivel de calidad que quieres ofrecer y dentro de tu presupuesto asignado.<\/p>\n<p>[\/et_pb_text][\/et_pb_column][\/et_pb_row][et_pb_row column_structure=\u00bb1_2,1_2&#8243; use_custom_gutter=\u00bbon\u00bb make_equal=\u00bbon\u00bb _builder_version=\u00bb4.17.4&#8243; _module_preset=\u00bbdefault\u00bb width=\u00bb100%\u00bb max_width=\u00bb2560px\u00bb custom_margin=\u00bb2px|auto||auto|false|false\u00bb custom_css_main_element=\u00bbalign-items: center;\u00bb global_colors_info=\u00bb{}\u00bb][et_pb_column type=\u00bb1_2&#8243; _builder_version=\u00bb4.16&#8243; _module_preset=\u00bbdefault\u00bb global_colors_info=\u00bb{}\u00bb][et_pb_text _builder_version=\u00bb4.18.0&#8243; _module_preset=\u00bbdefault\u00bb custom_margin=\u00bb|20px||20px|false|false\u00bb global_colors_info=\u00bb{}\u00bb]<\/p>\n<h2>En el ba\u00f1o<\/h2>\n<p>&nbsp;<\/p>\n<p>Deja que el cliente se soprenda cuando al usar una toalla y albornoz la suavidad es de lejos superior a lo que est\u00e1 acostumbrado.<\/p>\n<p>No hay que detenerse en la suavidad que apreciamos en el momento de la compra, nosotros te ayudaremos a que conozcas c\u00f3mo lavar una toalla para que esa suavidad se mantenga en el tiempo, pero nosotros tambi\u00e9n ponemos de nuestra parte, seleccionamos calidades de algod\u00f3n que incrementan ese comfort.<\/p>\n<p>Toallas de diferentes gramajes y medidas, blancas o de color. Alfombrines dise\u00f1ados para un comfort y durabilidad extra. Albornoces que aportar\u00e1n un plus de resistencia sin significar un gasto extra.<\/p>\n<p>[\/et_pb_text][\/et_pb_column][et_pb_column type=\u00bb1_2&#8243; _builder_version=\u00bb4.16&#8243; _module_preset=\u00bbdefault\u00bb global_colors_info=\u00bb{}\u00bb][et_pb_image src=\u00bbhttps:\/\/princesita.net\/wp-content\/uploads\/2022\/03\/190503Grettel30615.jpg\u00bb title_text=\u00bb190503Grettel30615&#8243; admin_label=\u00bbImagen\u00bb _builder_version=\u00bb4.16&#8243; _module_preset=\u00bbdefault\u00bb global_colors_info=\u00bb{}\u00bb][\/et_pb_image][\/et_pb_column][\/et_pb_row][et_pb_row column_structure=\u00bb1_2,1_2&#8243; use_custom_gutter=\u00bbon\u00bb make_equal=\u00bbon\u00bb _builder_version=\u00bb4.17.4&#8243; _module_preset=\u00bbdefault\u00bb width=\u00bb100%\u00bb max_width=\u00bb2560px\u00bb custom_margin=\u00bb||||false|false\u00bb custom_css_main_element=\u00bbalign-items: center;\u00bb global_colors_info=\u00bb{}\u00bb][et_pb_column type=\u00bb1_2&#8243; _builder_version=\u00bb4.16&#8243; _module_preset=\u00bbdefault\u00bb global_colors_info=\u00bb{}\u00bb][et_pb_image src=\u00bbhttps:\/\/princesita.net\/wp-content\/uploads\/2022\/01\/SSID_554989717.jpg\u00bb title_text=\u00bbSSID_554989717&#8243; _builder_version=\u00bb4.16&#8243; _module_preset=\u00bbdefault\u00bb global_colors_info=\u00bb{}\u00bb][\/et_pb_image][\/et_pb_column][et_pb_column type=\u00bb1_2&#8243; _builder_version=\u00bb4.16&#8243; _module_preset=\u00bbdefault\u00bb global_colors_info=\u00bb{}\u00bb][et_pb_text _builder_version=\u00bb4.18.0&#8243; _module_preset=\u00bbdefault\u00bb custom_margin=\u00bb|20px||20px|false|false\u00bb global_colors_info=\u00bb{}\u00bb]<\/p>\n<h2>En la piscina o en la playa<\/h2>\n<p>&nbsp;<\/p>\n<p>Las toallas de piscina son un complemento necesario para el descanso al aire libre. Las manchas producidas por cremas solares,\u00a0 la exposici\u00f3n del color a la luz solar intensa, la exigencia durante el proceso de lavado&#8230; Es evidente que la calidad debe ser cuidada para garantizar un correcto retorno de la inversi\u00f3n.<\/p>\n<p>Tras muchos a\u00f1os de pruebas y millones de toallas de piscina en uso en todo el mundo, estamos seguros que podemos ofrecerte en nuestra amplia gama de colores una toalla que se adapte a tus necesaidades. Pero tambi\u00e9n podemos fabric\u00e1rtela a medida o personalizar alguno de nuestros dise\u00f1os b\u00e1sicos<\/p>\n<p>[\/et_pb_text][\/et_pb_column][\/et_pb_row][et_pb_row column_structure=\u00bb1_2,1_2&#8243; use_custom_gutter=\u00bbon\u00bb make_equal=\u00bbon\u00bb _builder_version=\u00bb4.17.4&#8243; _module_preset=\u00bbdefault\u00bb width=\u00bb100%\u00bb max_width=\u00bb2560px\u00bb custom_margin=\u00bb40px||||false|false\u00bb custom_css_main_element=\u00bbalign-items: center;\u00bb global_colors_info=\u00bb{}\u00bb][et_pb_column type=\u00bb1_2&#8243; _builder_version=\u00bb4.16&#8243; _module_preset=\u00bbdefault\u00bb global_colors_info=\u00bb{}\u00bb][et_pb_text _builder_version=\u00bb4.18.0&#8243; _module_preset=\u00bbdefault\u00bb custom_margin=\u00bb|20px||20px|false|false\u00bb global_colors_info=\u00bb{}\u00bb]<\/p>\n<h2>En el restaurante<\/h2>\n<p>&nbsp;<\/p>\n<p>Para los restaurantes existe una gama espec\u00edfica con gran variedad de colores, y dise\u00f1os pero unas pocas lineas de mantenimiento que facilitan los procesos de lavado y circulante de ropa en la lavander\u00eda con el objetivo de simplificar la gesti\u00f3n de la ropa.<\/p>\n<p>Nuestro equipo comercial puede ayudarle a identificar aquellas calidades que m\u00e1s se adapten a su establecimiento, al mismo tiempo que podr\u00e1 obtener un producto a medida y ofrecer a su lavander\u00eda instrucciones precisas sobre el matenimiento de la ropa de restaurante.<\/p>\n<p>[\/et_pb_text][\/et_pb_column][et_pb_column type=\u00bb1_2&#8243; _builder_version=\u00bb4.16&#8243; _module_preset=\u00bbdefault\u00bb global_colors_info=\u00bb{}\u00bb][et_pb_image src=\u00bbhttps:\/\/princesita.net\/wp-content\/uploads\/2022\/06\/shutterstock_1620537211-scaled.jpg\u00bb title_text=\u00bbA,Closeup,Shot,Of,A,Fork,And,A,Kitchen,Knife\u00bb admin_label=\u00bbImagen\u00bb _builder_version=\u00bb4.16&#8243; _module_preset=\u00bbdefault\u00bb animation_style=\u00bbfade\u00bb animation_duration=\u00bb350ms\u00bb global_colors_info=\u00bb{}\u00bb][\/et_pb_image][\/et_pb_column][\/et_pb_row][et_pb_row column_structure=\u00bb1_2,1_2&#8243; use_custom_gutter=\u00bbon\u00bb make_equal=\u00bbon\u00bb _builder_version=\u00bb4.17.4&#8243; _module_preset=\u00bbdefault\u00bb width=\u00bb100%\u00bb max_width=\u00bb2560px\u00bb custom_margin=\u00bb28px|auto||auto|false|false\u00bb custom_css_main_element=\u00bbalign-items: center;\u00bb global_colors_info=\u00bb{}\u00bb][et_pb_column type=\u00bb1_2&#8243; _builder_version=\u00bb4.16&#8243; _module_preset=\u00bbdefault\u00bb global_colors_info=\u00bb{}\u00bb][et_pb_image src=\u00bbhttps:\/\/princesita.net\/wp-content\/uploads\/2022\/06\/6628693-scaled.jpg\u00bb title_text=\u00bb6628693&#8243; _builder_version=\u00bb4.16&#8243; _module_preset=\u00bbdefault\u00bb global_colors_info=\u00bb{}\u00bb][\/et_pb_image][\/et_pb_column][et_pb_column type=\u00bb1_2&#8243; _builder_version=\u00bb4.16&#8243; _module_preset=\u00bbdefault\u00bb global_colors_info=\u00bb{}\u00bb][et_pb_text _builder_version=\u00bb4.18.0&#8243; _module_preset=\u00bbdefault\u00bb custom_margin=\u00bb|20px||20px|false|false\u00bb global_colors_info=\u00bb{}\u00bb]<\/p>\n<h2>En el SPA<\/h2>\n<p>&nbsp;<\/p>\n<p>Tenemos una linea de productos para piscina y SPA, con colores y medidas convenientes al uso en estos espacios.<\/p>\n<p>Toallas de diferentes medidas para tumbonas y para camillas, en colores s\u00f3lidos Indanthren. Con varios formatos para los usos en tratamientos wellness. As\u00ed como productos a medida.<\/p>\n<p>[\/et_pb_text][\/et_pb_column][\/et_pb_row][et_pb_row column_structure=\u00bb1_2,1_2&#8243; use_custom_gutter=\u00bbon\u00bb make_equal=\u00bbon\u00bb _builder_version=\u00bb4.17.4&#8243; _module_preset=\u00bbdefault\u00bb width=\u00bb100%\u00bb max_width=\u00bb2560px\u00bb custom_margin=\u00bb0px|auto||auto|false|false\u00bb custom_css_main_element=\u00bbalign-items: center;\u00bb global_colors_info=\u00bb{}\u00bb][et_pb_column type=\u00bb1_2&#8243; _builder_version=\u00bb4.16&#8243; _module_preset=\u00bbdefault\u00bb global_colors_info=\u00bb{}\u00bb][et_pb_text _builder_version=\u00bb4.18.0&#8243; _module_preset=\u00bbdefault\u00bb custom_margin=\u00bb|20px||20px|false|false\u00bb global_colors_info=\u00bb{}\u00bb]<\/p>\n<h2>La decoraci\u00f3n<\/h2>\n<p>&nbsp;<\/p>\n<p>Vivimos una \u00e9poca en el que el cliente se gu\u00eda por lo visual. En sus b\u00fasquedas por redes sociales o agregadores online selecciona un establecimiento por las fotos. Los textiles en general y especialmente los textiles de decoraci\u00f3n \u00abvisten\u00bb los ambientes dot\u00e1ndolos de car\u00e1cter y calidez.<\/p>\n<p>Transportar el cliente a un mundo elegantemente vestido en el que la sensaci\u00f3n de calidad es superior a sus circunstancias habituales le hace sentir que el gasto en el establecimiento est\u00e1 justificado.<\/p>\n<p>&nbsp;<\/p>\n<p>&nbsp;<\/p>\n<p>[\/et_pb_text][\/et_pb_column][et_pb_column type=\u00bb1_2&#8243; _builder_version=\u00bb4.16&#8243; _module_preset=\u00bbdefault\u00bb global_colors_info=\u00bb{}\u00bb][et_pb_image src=\u00bbhttps:\/\/princesita.net\/wp-content\/uploads\/2022\/03\/6434588-1.jpg\u00bb title_text=\u00bb6434588&#8243; admin_label=\u00bbImagen\u00bb _builder_version=\u00bb4.16&#8243; _module_preset=\u00bbdefault\u00bb animation_style=\u00bbfade\u00bb animation_duration=\u00bb350ms\u00bb global_colors_info=\u00bb{}\u00bb][\/et_pb_image][\/et_pb_column][\/et_pb_row][et_pb_row column_structure=\u00bb1_2,1_2&#8243; use_custom_gutter=\u00bbon\u00bb make_equal=\u00bbon\u00bb _builder_version=\u00bb4.18.0&#8243; _module_preset=\u00bbdefault\u00bb width=\u00bb100%\u00bb max_width=\u00bb2560px\u00bb custom_margin=\u00bb40px||||false|false\u00bb custom_padding=\u00bb||36px|||\u00bb global_colors_info=\u00bb{}\u00bb][et_pb_column type=\u00bb1_2&#8243; _builder_version=\u00bb4.16&#8243; _module_preset=\u00bbdefault\u00bb global_colors_info=\u00bb{}\u00bb][et_pb_text _builder_version=\u00bb4.18.0&#8243; _module_preset=\u00bbdefault\u00bb custom_margin=\u00bb|20px||20px|false|false\u00bb global_colors_info=\u00bb{}\u00bb]<\/p>\n<p>Nuestro equipo le ayudar\u00e1 y guiar\u00e1 en el proceso de selecci\u00f3n de tejidos. En nuestro amplio showroom contamos con colaboraciones de editores textiles nacionales e internacionales de alto prestigio para vestir todo el rango de establecimientos.<\/p>\n<p>[\/et_pb_text][\/et_pb_column][et_pb_column type=\u00bb1_2&#8243; _builder_version=\u00bb4.16&#8243; _module_preset=\u00bbdefault\u00bb global_colors_info=\u00bb{}\u00bb][et_pb_text _builder_version=\u00bb4.18.0&#8243; _module_preset=\u00bbdefault\u00bb custom_margin=\u00bb|20px||20px|false|false\u00bb global_colors_info=\u00bb{}\u00bb]<\/p>\n<p>Los equipos de instalaci\u00f3n se encargar\u00e1n de dejar tu establecimiento perfecto hasta el m\u00e1s m\u00ednimo detalle cumpliendo con los compromisos acordados en el proceso de contrataci\u00f3n.<\/p>\n<p>[\/et_pb_text][\/et_pb_column][\/et_pb_row][\/et_pb_section][et_pb_section fb_built=\u00bb1&#8243; _builder_version=\u00bb4.16&#8243; _module_preset=\u00bbdefault\u00bb custom_padding=\u00bb0px|||||\u00bb global_colors_info=\u00bb{}\u00bb][et_pb_row use_custom_gutter=\u00bbon\u00bb make_equal=\u00bbon\u00bb _builder_version=\u00bb4.17.4&#8243; _module_preset=\u00bbdefault\u00bb width=\u00bb100%\u00bb max_width=\u00bb2560px\u00bb global_colors_info=\u00bb{}\u00bb][et_pb_column type=\u00bb4_4&#8243; _builder_version=\u00bb4.16&#8243; _module_preset=\u00bbdefault\u00bb global_colors_info=\u00bb{}\u00bb][dsm_masonry_gallery gallery_ids=\u00bb884,892,958,910,1322,902,1330,941,939,937&#8243; use_lightbox=\u00bbon\u00bb use_zoom_on_hover=\u00bbon\u00bb _builder_version=\u00bb4.17.6&#8243; _module_preset=\u00bbdefault\u00bb global_colors_info=\u00bb{}\u00bb][\/dsm_masonry_gallery][\/et_pb_column][\/et_pb_row][et_pb_row _builder_version=\u00bb4.16&#8243; _module_preset=\u00bbdefault\u00bb custom_padding=\u00bb63px|||||\u00bb global_colors_info=\u00bb{}\u00bb][et_pb_column type=\u00bb4_4&#8243; _builder_version=\u00bb4.16&#8243; _module_preset=\u00bbdefault\u00bb global_colors_info=\u00bb{}\u00bb][et_pb_text _builder_version=\u00bb4.19.4&#8243; _module_preset=\u00bbdefault\u00bb hover_enabled=\u00bb0&#8243; global_colors_info=\u00bb{}\u00bb link_option_url=\u00bb@ET-DC@eyJkeW5hbWljIjp0cnVlLCJjb250ZW50IjoicG9zdF9saW5rX3VybF9wYWdlIiwic2V0dGluZ3MiOnsicG9zdF9pZCI6IjIwMyJ9fQ==@\u00bb _dynamic_attributes=\u00bblink_option_url\u00bb sticky_enabled=\u00bb0&#8243;]<\/p>\n<p style=\"text-align: center;\">CONTACTA CON NOSOTROS<\/p>\n<p>[\/et_pb_text][\/et_pb_column][\/et_pb_row][\/et_pb_section]<\/p>\n","protected":false},"excerpt":{"rendered":"<p><div class=\"et_pb_module dsm_text_divider dsm_text_divider_0\">\n\t\t\t\t\n\t\t\t\t\n\t\t\t\t\n\t\t\t\t\n\t\t\t\t\n\t\t\t\t\n\t\t\t\t<div class=\"et_pb_module_inner\">\n\t\t\t\t\t<div class=\"dsm-text-divider-wrapper dsm-text-divider-align-center et_pb_bg_layout_light\">\n\t\t\t\t\n\t\t\t\t\n\t\t\t\t<div class=\"dsm-text-divider-before dsm-divider\"><\/div>\n\t\t\t\t<h1 class=\"dsm-text-divider-header et_pb_module_header\"><span>Hoteles<\/span><\/h1>\n\t\t\t\t<div class=\"dsm-text-divider-after dsm-divider\"><\/div>\n\t\t\t<\/div>\n\t\t\t\t<\/div>\n\t\t\t<\/div>Cada hotel sin importar su tama\u00f1o busca una explotaci\u00f3n ventajosa de sus activos. Al mismo tiempo que imrpimir un car\u00e1cter que lo diferencie positivamente de su competencia. Dise\u00f1amos los productos textiles para el trato exigente, tanto en uso como en lavado para que confie en la rentabilidad de [&hellip;]<\/p>\n","protected":false},"author":1,"featured_media":0,"parent":820,"menu_order":0,"comment_status":"closed","ping_status":"closed","template":"","meta":{"_et_pb_use_builder":"on","_et_pb_old_content":"","_et_gb_content_width":"","footnotes":""},"class_list":["post-1033","page","type-page","status-publish","hentry"],"aioseo_notices":[],"_links":{"self":[{"href":"https:\/\/princesita.net\/es\/wp-json\/wp\/v2\/pages\/1033"}],"collection":[{"href":"https:\/\/princesita.net\/es\/wp-json\/wp\/v2\/pages"}],"about":[{"href":"https:\/\/princesita.net\/es\/wp-json\/wp\/v2\/types\/page"}],"author":[{"embeddable":true,"href":"https:\/\/princesita.net\/es\/wp-json\/wp\/v2\/users\/1"}],"replies":[{"embeddable":true,"href":"https:\/\/princesita.net\/es\/wp-json\/wp\/v2\/comments?post=1033"}],"version-history":[{"count":14,"href":"https:\/\/princesita.net\/es\/wp-json\/wp\/v2\/pages\/1033\/revisions"}],"predecessor-version":[{"id":1772,"href":"https:\/\/princesita.net\/es\/wp-json\/wp\/v2\/pages\/1033\/revisions\/1772"}],"up":[{"embeddable":true,"href":"https:\/\/princesita.net\/es\/wp-json\/wp\/v2\/pages\/820"}],"wp:attachment":[{"href":"https:\/\/princesita.net\/es\/wp-json\/wp\/v2\/media?parent=1033"}],"curies":[{"name":"wp","href":"https:\/\/api.w.org\/{rel}","templated":true}]}}